{"id":10661,"date":"2019-05-03T13:32:23","date_gmt":"2019-05-03T13:32:23","guid":{"rendered":"https:\/\/www.hunzeloopwandeltocht.nl\/kontakt\/"},"modified":"2024-06-25T08:31:24","modified_gmt":"2024-06-25T08:31:24","slug":"kontakt","status":"publish","type":"page","link":"https:\/\/www.hunzeloopwandeltocht.nl\/de\/kontakt\/","title":{"rendered":"Kontakt"},"content":{"rendered":"<p>[et_pb_section fb_built=&#8220;1&#8243; admin_label=&#8220;Hero&#8220; _builder_version=&#8220;4.16&#8243; use_background_color_gradient=&#8220;on&#8220; background_color_gradient_stops=&#8220;rgba(0,0,0,0.5) 0%|rgba(0,0,0,0) 100%&#8220; background_color_gradient_overlays_image=&#8220;on&#8220; background_color_gradient_start=&#8220;rgba(0,0,0,0.5)&#8220; background_color_gradient_end=&#8220;rgba(0,0,0,0)&#8220; background_image=&#8220;https:\/\/www.hunzeloopwandeltocht.nl\/wp-content\/uploads\/2019\/04\/20120915-IMG_5941-1024&#215;683.jpg&#8220; custom_margin=&#8220;|||&#8220; custom_padding=&#8220;0||0px||false|false&#8220; bottom_divider_style=&#8220;slant&#8220; bottom_divider_color=&#8220;#ffffff&#8220; bottom_divider_flip=&#8220;horizontal&#8220; animation_style=&#8220;slide&#8220; animation_direction=&#8220;top&#8220; animation_intensity_slide=&#8220;5%&#8220; animation_starting_opacity=&#8220;100%&#8220; global_colors_info=&#8220;{}&#8220;][et_pb_row column_structure=&#8220;3_4,1_4&#8243; _builder_version=&#8220;4.16&#8243; background_size=&#8220;initial&#8220; background_position=&#8220;top_left&#8220; background_repeat=&#8220;repeat&#8220; custom_padding=&#8220;2px|0px|0|0px|false|false&#8220; global_colors_info=&#8220;{}&#8220;][et_pb_column type=&#8220;3_4&#8243; _builder_version=&#8220;4.16&#8243; custom_padding=&#8220;|||&#8220; global_colors_info=&#8220;{}&#8220; custom_padding__hover=&#8220;|||&#8220;][et_pb_text admin_label=&#8220;Title&#8220; _builder_version=&#8220;4.16&#8243; text_font=&#8220;||||||||&#8220; header_font=&#8220;Montserrat|600|||||||&#8220; header_font_size=&#8220;80px&#8220; header_line_height=&#8220;1.2em&#8220; background_layout=&#8220;dark&#8220; animation_style=&#8220;zoom&#8220; animation_direction=&#8220;left&#8220; animation_intensity_zoom=&#8220;10%&#8220; header_font_size_tablet=&#8220;&#8220; header_font_size_phone=&#8220;72px&#8220; header_font_size_last_edited=&#8220;on|phone&#8220; global_colors_info=&#8220;{}&#8220;]<\/p>\n<h1>Kontakt<\/h1>\n<p>[\/et_pb_text][et_pb_divider color=&#8220;rgba(255,255,255,0.7)&#8220; divider_weight=&#8220;3px&#8220; _builder_version=&#8220;4.16&#8243; max_width=&#8220;120px&#8220; animation_style=&#8220;zoom&#8220; animation_direction=&#8220;left&#8220; global_colors_info=&#8220;{}&#8220;][\/et_pb_divider][\/et_pb_column][et_pb_column type=&#8220;1_4&#8243; _builder_version=&#8220;4.16&#8243; custom_padding=&#8220;|||&#8220; global_colors_info=&#8220;{}&#8220; custom_padding__hover=&#8220;|||&#8220;][\/et_pb_column][\/et_pb_row][\/et_pb_section][et_pb_section fb_built=&#8220;1&#8243; prev_background_color=&#8220;#ffffff&#8220; admin_label=&#8220;Sponsors&#8220; _builder_version=&#8220;4.16&#8243; background_color=&#8220;rgba(149,193,31,0.1)&#8220; custom_padding=&#8220;54px|0px|0|0px|false|false&#8220; top_divider_style=&#8220;asymmetric&#8220; global_colors_info=&#8220;{}&#8220;][et_pb_row _builder_version=&#8220;4.16&#8243; custom_padding=&#8220;117px|0px|27px|0px|false|false&#8220; global_colors_info=&#8220;{}&#8220;][et_pb_column type=&#8220;4_4&#8243; _builder_version=&#8220;4.16&#8243; custom_padding=&#8220;|||&#8220; global_colors_info=&#8220;{}&#8220; custom_padding__hover=&#8220;|||&#8220;][et_pb_text admin_label=&#8220;Title&#8220; _builder_version=&#8220;4.23&#8243; text_font=&#8220;Montserrat|300|||||||&#8220; text_font_size=&#8220;16px&#8220; text_line_height=&#8220;1.8em&#8220; header_font=&#8220;||||||||&#8220; header_2_font=&#8220;Montserrat|500|||||||&#8220; header_2_text_align=&#8220;center&#8220; header_2_font_size=&#8220;30px&#8220; header_2_line_height=&#8220;1.4em&#8220; text_orientation=&#8220;center&#8220; max_width=&#8220;700px&#8220; module_alignment=&#8220;center&#8220; animation_direction=&#8220;right&#8220; hover_enabled=&#8220;0&#8243; global_colors_info=&#8220;{}&#8220; sticky_enabled=&#8220;0&#8243;]<\/p>\n<h1 style=\"text-align: center;\"><span style=\"color: #95c11f;\"><strong>Haben Sie Fragen?<\/strong><\/span><\/h1>\n<p style=\"text-align: center;\">Wenn Sie Fragen haben, bevorzugen wir es, diese \u00fcber unsere E-Mail Adresse zu erhalten<span style=\"font-size: 16px;\"> <\/span><\/p>\n<p style=\"text-align: center;\"><span style=\"color: #800080;\"><a href=\"mailto:hunzeloopwandeltocht@gmail.com\" style=\"color: #800080;\"><a href=\"mailto:hunzeloopwandeltocht@gmail.com\">hunzeloopwandeltocht@gmail.com<\/a><\/a><span style=\"font-size: 16px;\"> <\/span><\/span><\/p>\n<p style=\"text-align: center;\">Wir werden unser Bestes tun, um Ihre Fragen so schnell wie m\u00f6glich zu beantworten.<\/p>\n<p>&nbsp;<\/p>\n<p>[\/et_pb_text][et_pb_text admin_label=&#8220;Title&#8220; _builder_version=&#8220;4.16&#8243; text_font=&#8220;Montserrat|300|||||||&#8220; text_font_size=&#8220;16px&#8220; text_line_height=&#8220;1.8em&#8220; header_font=&#8220;||||||||&#8220; header_2_font=&#8220;Montserrat|500|||||||&#8220; header_2_text_align=&#8220;center&#8220; header_2_font_size=&#8220;30px&#8220; header_2_line_height=&#8220;1.4em&#8220; text_orientation=&#8220;center&#8220; max_width=&#8220;700px&#8220; module_alignment=&#8220;center&#8220; animation_direction=&#8220;right&#8220; global_colors_info=&#8220;{}&#8220;]<\/p>\n<h1 style=\"text-align: center;\"><b style=\"caret-color: #82368c; font-size: 30px; color: #82368c;\">Haben Sie dringende Fragen?<\/b><\/h1>\n<p style=\"text-align: center;\">Wenn Sie dringende Fragen haben, die nicht per E-Mail beantwortet werden k\u00f6nnen, rufen Sie bitte die Stiftung Het Drentse Landschap w\u00e4hrend der B\u00fcrozeiten an:<\/p>\n<p style=\"text-align: center;\"><span style=\"color: #800080;\">0592-313552<\/span><span style=\"font-size: 16px;\"> <\/span><\/p>\n<p>[\/et_pb_text][et_pb_text admin_label=&#8220;Title&#8220; _builder_version=&#8220;4.23&#8243; text_font=&#8220;Montserrat|300|||||||&#8220; text_font_size=&#8220;16px&#8220; text_line_height=&#8220;1.8em&#8220; header_font=&#8220;||||||||&#8220; header_2_font=&#8220;Montserrat|500|||||||&#8220; header_2_text_align=&#8220;center&#8220; header_2_font_size=&#8220;30px&#8220; header_2_line_height=&#8220;1.4em&#8220; text_orientation=&#8220;center&#8220; max_width=&#8220;700px&#8220; module_alignment=&#8220;center&#8220; animation_direction=&#8220;right&#8220; hover_enabled=&#8220;0&#8243; global_colors_info=&#8220;{}&#8220; sticky_enabled=&#8220;0&#8243;]<\/p>\n<h1 style=\"text-align: center;\"><span style=\"color: #95c11f;\"><strong>Presse?<\/strong><\/span><\/h1>\n<p style=\"text-align: center;\">Haben Sie als Journalist irgendwelche Fragen zum Hunzeloop?<\/p>\n<p style=\"text-align: center;\">Dann kontaktieren Sie uns \u00fcber:<\/p>\n<p style=\"text-align: center;\"><span style=\"color: #800080;\"><a href=\"mailto:hunzeloopwandeltocht@gmail.com\" style=\"color: #800080;\"><a href=\"mailto:hunzeloopwandeltocht@gmail.com\">hunzeloopwandeltocht@gmail.com<\/a><\/a><\/span><\/p>\n<p style=\"text-align: center;\">Oder rufen Sie unsere Sprecherin an<\/p>\n<p style=\"text-align: center;\">Tjisse Brookman <span style=\"color: #800080;\">(06) 12876760<\/span><\/p>\n<p>&nbsp;<\/p>\n<p>&nbsp;<\/p>\n<p>&nbsp;<\/p>\n<p>[\/et_pb_text][et_pb_text admin_label=&#8220;Title&#8220; _builder_version=&#8220;4.16&#8243; text_font=&#8220;Montserrat|300|||||||&#8220; text_font_size=&#8220;16px&#8220; text_line_height=&#8220;1.8em&#8220; header_font=&#8220;||||||||&#8220; header_2_font=&#8220;Montserrat|500|||||||&#8220; header_2_text_align=&#8220;center&#8220; header_2_font_size=&#8220;30px&#8220; header_2_line_height=&#8220;1.4em&#8220; text_orientation=&#8220;center&#8220; max_width=&#8220;700px&#8220; module_alignment=&#8220;center&#8220; animation_direction=&#8220;right&#8220; global_colors_info=&#8220;{}&#8220;]<\/p>\n<h3><strong>Die Stiftung Drentse Landschap<\/strong><\/h3>\n<p>Handelskammer: 41 017 316<br \/>RSIN: 0029.03.076<\/p>\n<p>&nbsp;<\/p>\n<p>&nbsp;<\/p>\n<p>&nbsp;<\/p>\n<p>[\/et_pb_text][et_pb_text _builder_version=&#8220;4.16&#8243; global_colors_info=&#8220;{}&#8220;][\/et_pb_text][\/et_pb_column][\/et_pb_row][\/et_pb_section]<\/p>\n","protected":false},"excerpt":{"rendered":"<p>KontaktHaben Sie Fragen? Wenn Sie Fragen haben, bevorzugen wir es, diese \u00fcber unsere E-Mail Adresse zu erhalten hunzeloopwandeltocht@gmail.com Wir werden unser Bestes tun, um Ihre Fragen so schnell wie m\u00f6glich zu beantworten. &nbsp;Haben Sie dringende Fragen? Wenn Sie dringende Fragen haben, die nicht per E-Mail beantwortet werden k\u00f6nnen, rufen Sie bitte die Stiftung Het Drentse [&hellip;]<\/p>\n","protected":false},"author":5,"featured_media":0,"parent":0,"menu_order":0,"comment_status":"closed","ping_status":"closed","template":"","meta":{"_et_pb_use_builder":"on","_et_pb_old_content":"","_et_gb_content_width":"","footnotes":""},"class_list":["post-10661","page","type-page","status-publish","hentry"],"_links":{"self":[{"href":"https:\/\/www.hunzeloopwandeltocht.nl\/de\/wp-json\/wp\/v2\/pages\/10661","targetHints":{"allow":["GET"]}}],"collection":[{"href":"https:\/\/www.hunzeloopwandeltocht.nl\/de\/wp-json\/wp\/v2\/pages"}],"about":[{"href":"https:\/\/www.hunzeloopwandeltocht.nl\/de\/wp-json\/wp\/v2\/types\/page"}],"author":[{"embeddable":true,"href":"https:\/\/www.hunzeloopwandeltocht.nl\/de\/wp-json\/wp\/v2\/users\/5"}],"replies":[{"embeddable":true,"href":"https:\/\/www.hunzeloopwandeltocht.nl\/de\/wp-json\/wp\/v2\/comments?post=10661"}],"version-history":[{"count":1,"href":"https:\/\/www.hunzeloopwandeltocht.nl\/de\/wp-json\/wp\/v2\/pages\/10661\/revisions"}],"predecessor-version":[{"id":10662,"href":"https:\/\/www.hunzeloopwandeltocht.nl\/de\/wp-json\/wp\/v2\/pages\/10661\/revisions\/10662"}],"wp:attachment":[{"href":"https:\/\/www.hunzeloopwandeltocht.nl\/de\/wp-json\/wp\/v2\/media?parent=10661"}],"curies":[{"name":"wp","href":"https:\/\/api.w.org\/{rel}","templated":true}]}}