{"id":10641,"date":"2019-05-05T18:55:28","date_gmt":"2019-05-05T18:55:28","guid":{"rendered":"https:\/\/www.hunzeloopwandeltocht.nl\/uebernachtung\/"},"modified":"2024-06-25T08:30:45","modified_gmt":"2024-06-25T08:30:45","slug":"uebernachtung","status":"publish","type":"page","link":"https:\/\/www.hunzeloopwandeltocht.nl\/de\/uebernachtung\/","title":{"rendered":"\u00dcbernachtung"},"content":{"rendered":"<p>[et_pb_section fb_built=&#8220;1&#8243; admin_label=&#8220;Hero&#8220; _builder_version=&#8220;3.21.4&#8243; use_background_color_gradient=&#8220;on&#8220; background_color_gradient_start=&#8220;rgba(0,0,0,0.5)&#8220; background_color_gradient_end=&#8220;rgba(0,0,0,0)&#8220; background_color_gradient_overlays_image=&#8220;on&#8220; background_image=&#8220;https:\/\/www.hunzeloopwandeltocht.nl\/wp-content\/uploads\/2019\/05\/BMT_01_15357-1280&#215;430.jpg&#8220; custom_margin=&#8220;|||&#8220; custom_padding=&#8220;180px||0px|&#8220; bottom_divider_style=&#8220;slant&#8220; bottom_divider_color=&#8220;#ffffff&#8220; bottom_divider_flip=&#8220;horizontal&#8220; animation_style=&#8220;slide&#8220; animation_direction=&#8220;top&#8220; animation_intensity_slide=&#8220;5%&#8220; animation_starting_opacity=&#8220;100%&#8220;][et_pb_row custom_padding=&#8220;27px|0px|25px|0px|false|false&#8220; _builder_version=&#8220;3.0.105&#8243; background_size=&#8220;initial&#8220; background_position=&#8220;top_left&#8220; background_repeat=&#8220;repeat&#8220;][et_pb_column type=&#8220;3_4&#8243; _builder_version=&#8220;3.0.47&#8243;][et_pb_text admin_label=&#8220;Title&#8220; _builder_version=&#8220;3.0.105&#8243; text_font=&#8220;||||||||&#8220; header_font=&#8220;Montserrat|600|||||||&#8220; header_font_size=&#8220;80px&#8220; header_font_size_phone=&#8220;72px&#8220; header_font_size_last_edited=&#8220;on|phone&#8220; header_line_height=&#8220;1.2em&#8220; background_layout=&#8220;dark&#8220; animation_style=&#8220;zoom&#8220; animation_direction=&#8220;left&#8220; animation_intensity_zoom=&#8220;10%&#8220;]<\/p>\n<h1>\u00dcbernachtung<\/h1>\n<p>[\/et_pb_text][et_pb_divider color=&#8220;rgba(255,255,255,0.7)&#8220; divider_weight=&#8220;3px&#8220; _builder_version=&#8220;3.2&#8243; max_width=&#8220;120px&#8220; animation_style=&#8220;zoom&#8220; animation_direction=&#8220;left&#8220;][\/et_pb_divider][\/et_pb_column][et_pb_column type=&#8220;1_4&#8243; _builder_version=&#8220;3.0.47&#8243;][\/et_pb_column][\/et_pb_row][\/et_pb_section][et_pb_section fb_built=&#8220;1&#8243; admin_label=&#8220;About&#8220; _builder_version=&#8220;3.0.105&#8243; custom_padding=&#8220;61px||0||false|false&#8220;][et_pb_row custom_padding=&#8220;0|0px|27px|0px|false|false&#8220; custom_margin=&#8220;|||&#8220; _builder_version=&#8220;3.0.105&#8243;][et_pb_column type=&#8220;4_4&#8243; _builder_version=&#8220;3.0.47&#8243;][et_pb_text _builder_version=&#8220;3.21.4&#8243;]<\/p>\n<p style=\"text-align: center;\"><strong>Kommen Sie und genie\u00dfen Sie l\u00e4nger im sch\u00f6nen Drenthe.<\/strong><\/p>\n<p style=\"text-align: center;\"><span>M\u00f6chten Sie Ihre Teilnahme zu einem unterhaltsamen Wochenende machen? Unsere Partner bieten preiswerte Unterkunftsm\u00f6glichkeiten.<\/span>  Klicken Sie auf das Logo und sehen Sie sich das Angebot auf ihrer Website an.<\/p>\n<p>[\/et_pb_text][et_pb_text _builder_version=&#8220;3.21.4&#8243;][\/et_pb_text][\/et_pb_column][\/et_pb_row][et_pb_row _builder_version=&#8220;3.0.105&#8243; animation_style=&#8220;zoom&#8220; animation_intensity_zoom=&#8220;20%&#8220;][et_pb_column type=&#8220;1_3&#8243; _builder_version=&#8220;3.0.47&#8243;][et_pb_image src=&#8220;https:\/\/www.hunzeloopwandeltocht.nl\/wp-content\/uploads\/2019\/04\/LANDAL_block-FC_met_wit_vlak-lowres-1.jpg&#8220; url=&#8220;https:\/\/www.landal.nl\/parken\/de-bloemert\/op-en-rond-het-park\/wandelen-en-fietsen&#8220; url_new_window=&#8220;on&#8220; _builder_version=&#8220;3.21.4&#8243;][\/et_pb_image][\/et_pb_column][et_pb_column type=&#8220;1_3&#8243; _builder_version=&#8220;3.0.47&#8243;][et_pb_image src=&#8220;https:\/\/www.hunzeloopwandeltocht.nl\/wp-content\/uploads\/2019\/04\/camping-de-vledders.png&#8220; url=&#8220;https:\/\/www.devledders.nl\/accommodaties\/aanbiedingen\/hunzeloop&#8220; url_new_window=&#8220;on&#8220; _builder_version=&#8220;3.21.4&#8243;][\/et_pb_image][\/et_pb_column][et_pb_column type=&#8220;1_3&#8243; _builder_version=&#8220;3.0.47&#8243;][\/et_pb_column][\/et_pb_row][\/et_pb_section][et_pb_section fb_built=&#8220;1&#8243; prev_background_color=&#8220;#ffffff&#8220; admin_label=&#8220;Hero&#8220; _builder_version=&#8220;3.21.4&#8243; use_background_color_gradient=&#8220;on&#8220; background_color_gradient_start=&#8220;rgba(0,0,0,0.5)&#8220; background_color_gradient_end=&#8220;rgba(0,0,0,0)&#8220; background_color_gradient_direction=&#8220;105deg&#8220; background_image=&#8220;https:\/\/www.hunzeloopwandeltocht.nl\/wp-content\/uploads\/2019\/05\/vledders-1.jpg&#8220; custom_margin=&#8220;|||&#8220; custom_padding=&#8220;180px||0||false|false&#8220; top_divider_style=&#8220;asymmetric&#8220; bottom_divider_color=&#8220;#ffffff&#8220; bottom_divider_flip=&#8220;horizontal&#8220; animation_style=&#8220;slide&#8220; animation_direction=&#8220;top&#8220; animation_intensity_slide=&#8220;5%&#8220; animation_starting_opacity=&#8220;100%&#8220;][et_pb_row custom_padding=&#8220;27px|0px|0px|0px&#8220; _builder_version=&#8220;3.0.105&#8243; background_size=&#8220;initial&#8220; background_position=&#8220;top_left&#8220; background_repeat=&#8220;repeat&#8220;][et_pb_column type=&#8220;3_4&#8243; _builder_version=&#8220;3.0.47&#8243;][et_pb_text admin_label=&#8220;Title&#8220; _builder_version=&#8220;3.0.105&#8243; text_font=&#8220;||||||||&#8220; header_font=&#8220;Montserrat|600|||||||&#8220; header_font_size=&#8220;80px&#8220; header_font_size_phone=&#8220;72px&#8220; header_font_size_last_edited=&#8220;on|phone&#8220; header_line_height=&#8220;1.2em&#8220; background_layout=&#8220;dark&#8220; animation_style=&#8220;zoom&#8220; animation_direction=&#8220;left&#8220; animation_intensity_zoom=&#8220;10%&#8220;][\/et_pb_text][\/et_pb_column][et_pb_column type=&#8220;1_4&#8243; _builder_version=&#8220;3.0.47&#8243;][\/et_pb_column][\/et_pb_row][\/et_pb_section][et_pb_section fb_built=&#8220;1&#8243; fullwidth=&#8220;on&#8220; _builder_version=&#8220;3.21.4&#8243; custom_padding=&#8220;0|0px|0|0px|false|false&#8220;][et_pb_fullwidth_image _builder_version=&#8220;3.21.4&#8243;][\/et_pb_fullwidth_image][\/et_pb_section]<\/p>\n","protected":false},"excerpt":{"rendered":"<p>\u00dcbernachtungKommen Sie und genie\u00dfen Sie l\u00e4nger im sch\u00f6nen Drenthe. M\u00f6chten Sie Ihre Teilnahme zu einem unterhaltsamen Wochenende machen? Unsere Partner bieten preiswerte Unterkunftsm\u00f6glichkeiten. Klicken Sie auf das Logo und sehen Sie sich das Angebot auf ihrer Website an.<\/p>\n","protected":false},"author":5,"featured_media":0,"parent":0,"menu_order":0,"comment_status":"closed","ping_status":"closed","template":"","meta":{"_et_pb_use_builder":"on","_et_pb_old_content":"","_et_gb_content_width":"","footnotes":""},"class_list":["post-10641","page","type-page","status-publish","hentry"],"_links":{"self":[{"href":"https:\/\/www.hunzeloopwandeltocht.nl\/de\/wp-json\/wp\/v2\/pages\/10641","targetHints":{"allow":["GET"]}}],"collection":[{"href":"https:\/\/www.hunzeloopwandeltocht.nl\/de\/wp-json\/wp\/v2\/pages"}],"about":[{"href":"https:\/\/www.hunzeloopwandeltocht.nl\/de\/wp-json\/wp\/v2\/types\/page"}],"author":[{"embeddable":true,"href":"https:\/\/www.hunzeloopwandeltocht.nl\/de\/wp-json\/wp\/v2\/users\/5"}],"replies":[{"embeddable":true,"href":"https:\/\/www.hunzeloopwandeltocht.nl\/de\/wp-json\/wp\/v2\/comments?post=10641"}],"version-history":[{"count":2,"href":"https:\/\/www.hunzeloopwandeltocht.nl\/de\/wp-json\/wp\/v2\/pages\/10641\/revisions"}],"predecessor-version":[{"id":10647,"href":"https:\/\/www.hunzeloopwandeltocht.nl\/de\/wp-json\/wp\/v2\/pages\/10641\/revisions\/10647"}],"wp:attachment":[{"href":"https:\/\/www.hunzeloopwandeltocht.nl\/de\/wp-json\/wp\/v2\/media?parent=10641"}],"curies":[{"name":"wp","href":"https:\/\/api.w.org\/{rel}","templated":true}]}}