{"id":10633,"date":"2019-05-03T11:35:57","date_gmt":"2019-05-03T11:35:57","guid":{"rendered":"https:\/\/www.hunzeloopwandeltocht.nl\/abonnieren\/"},"modified":"2024-09-21T04:14:50","modified_gmt":"2024-09-21T04:14:50","slug":"abonnieren","status":"publish","type":"page","link":"https:\/\/www.hunzeloopwandeltocht.nl\/de\/abonnieren\/","title":{"rendered":"Abonnieren"},"content":{"rendered":"<p>[et_pb_section fb_built=&#8220;1&#8243; admin_label=&#8220;Hero&#8220; _builder_version=&#8220;4.16&#8243; use_background_color_gradient=&#8220;on&#8220; background_color_gradient_stops=&#8220;rgba(0,0,0,0.5) 0%|rgba(0,0,0,0) 100%&#8220; background_color_gradient_overlays_image=&#8220;on&#8220; background_color_gradient_start=&#8220;rgba(0,0,0,0.5)&#8220; background_color_gradient_end=&#8220;rgba(0,0,0,0)&#8220; background_image=&#8220;https:\/\/www.hunzeloopwandeltocht.nl\/wp-content\/uploads\/2019\/09\/2019-09-21-10.20.18.jpg&#8220; custom_margin=&#8220;|||&#8220; custom_padding=&#8220;0||162px||false|false&#8220; bottom_divider_style=&#8220;slant&#8220; bottom_divider_color=&#8220;#ffffff&#8220; bottom_divider_flip=&#8220;horizontal&#8220; animation_style=&#8220;slide&#8220; animation_direction=&#8220;top&#8220; animation_intensity_slide=&#8220;5%&#8220; animation_starting_opacity=&#8220;100%&#8220; global_colors_info=&#8220;{}&#8220;][et_pb_row _builder_version=&#8220;4.16&#8243; global_colors_info=&#8220;{}&#8220;][et_pb_column type=&#8220;4_4&#8243; _builder_version=&#8220;4.16&#8243; custom_padding=&#8220;156px|||&#8220; global_colors_info=&#8220;{}&#8220; custom_padding__hover=&#8220;|||&#8220;][et_pb_countdown_timer title=&#8220;Hunzeloop Rundgang&#8220; date_time=&#8220;2022-09-17 08:00&#8243; _builder_version=&#8220;4.16&#8243; header_level=&#8220;h1&#8243; header_font=&#8220;||||||||&#8220; header_text_color=&#8220;#ffffff&#8220; header_font_size=&#8220;84px&#8220; header_letter_spacing=&#8220;3px&#8220; use_background_color=&#8220;off&#8220; transform_scale=&#8220;92%|92%&#8220; animation_style=&#8220;fade&#8220; global_colors_info=&#8220;{}&#8220;][\/et_pb_countdown_timer][\/et_pb_column][\/et_pb_row][\/et_pb_section][et_pb_section fb_built=&#8220;1&#8243; admin_label=&#8220;About&#8220; module_id=&#8220;registrieren&#8220; _builder_version=&#8220;4.16&#8243; custom_padding=&#8220;0||0||false|false&#8220; global_colors_info=&#8220;{}&#8220;][et_pb_row _builder_version=&#8220;4.16&#8243; custom_margin=&#8220;|||&#8220; custom_padding=&#8220;0|0px|47px|0px|false|false&#8220; global_colors_info=&#8220;{}&#8220;][et_pb_column type=&#8220;4_4&#8243; _builder_version=&#8220;4.16&#8243; custom_padding=&#8220;|||&#8220; global_colors_info=&#8220;{}&#8220; custom_padding__hover=&#8220;|||&#8220;][et_pb_text admin_label=&#8220;Subtitle&#8220; _builder_version=&#8220;4.16&#8243; text_font=&#8220;Montserrat|500||on|||||&#8220; text_text_color=&#8220;rgba(0,0,0,0.25)&#8220; header_font=&#8220;||||||||&#8220; text_orientation=&#8220;center&#8220; animation_style=&#8220;fade&#8220; global_colors_info=&#8220;{}&#8220;][\/et_pb_text][et_pb_text admin_label=&#8220;Title&#8220; _builder_version=&#8220;4.16&#8243; text_font=&#8220;Montserrat|300|||||||&#8220; text_font_size=&#8220;16px&#8220; text_line_height=&#8220;1.8em&#8220; header_font=&#8220;||||||||&#8220; header_2_font=&#8220;Montserrat|500|||||||&#8220; header_2_text_align=&#8220;center&#8220; header_2_font_size=&#8220;30px&#8220; header_2_line_height=&#8220;1.4em&#8220; text_orientation=&#8220;center&#8220; max_width=&#8220;700px&#8220; module_alignment=&#8220;center&#8220; animation_direction=&#8220;right&#8220; global_colors_info=&#8220;{}&#8220;]<\/p>\n<h1><span color=\"#95c11f\" style=\"color: #95c11f;\"><span style=\"caret-color: #95c11f;\"><b>Abonnieren<\/b><\/span><\/span><\/h1>\n<p>Wenn Sie bei der Anmeldung nicht warten m\u00f6chten, k\u00f6nnen Sie die Gelegenheit nutzen, sich vorab zu registrieren. Sie k\u00f6nnen dies ganz einfach tun, indem Sie auf die Schaltfl\u00e4che Abonnieren klicken.<\/p>\n<p>Sie erhalten dann Ihre Teilnahmekarte, die Sie am Start einscannen lassen k\u00f6nnen, damit wir wissen, dass Sie tats\u00e4chlich auf der Strecke sind. Aus demselben Grund sollten Sie sich auch abmelden, damit wir wissen, dass Sie fertig sind. Dies dient Ihrer eigenen Sicherheit im Falle von unerwarteten Notf\u00e4llen und Verletzungen<span style=\"font-size: 16px;\">.<\/span><\/p>\n<h3 style=\"text-align: center;\"><span> <\/span><\/h3>\n<p><span style=\"font-size: 16px;\"> <\/span><\/p>\n<p>[\/et_pb_text][\/et_pb_column][\/et_pb_row][\/et_pb_section][et_pb_section fb_built=&#8220;1&#8243; admin_label=&#8220;Resources&#8220; _builder_version=&#8220;4.16&#8243; background_color=&#8220;#ffffff&#8220; custom_margin=&#8220;|||&#8220; custom_padding=&#8220;0|0px|73px|0px|false|false&#8220; global_colors_info=&#8220;{}&#8220;][et_pb_row column_structure=&#8220;1_2,1_2&#8243; _builder_version=&#8220;4.16&#8243; custom_margin=&#8220;50px|||&#8220; custom_padding=&#8220;0|0px|0|0px|false|false&#8220; global_colors_info=&#8220;{}&#8220;][et_pb_column type=&#8220;1_2&#8243; _builder_version=&#8220;4.16&#8243; custom_padding=&#8220;|||&#8220; global_colors_info=&#8220;{}&#8220; custom_padding__hover=&#8220;|||&#8220;][et_pb_blurb title=&#8220;Vorregistrierung&#8220; url=&#8220;https:\/\/www.hunzeloopwandeltocht.nl\/de\/hunzeloop\/?et_fb=1&amp;PageSpeed=off&#8220; use_icon=&#8220;on&#8220; font_icon=&#8220;&#xe60d;||divi||400&#8243; icon_color=&#8220;#82368c&#8220; icon_placement=&#8220;left&#8220; _builder_version=&#8220;4.16&#8243; header_font=&#8220;Montserrat|500|||||||&#8220; header_line_height=&#8220;1.8em&#8220; body_font=&#8220;Montserrat|300|||||||&#8220; body_font_size=&#8220;17px&#8220; body_line_height=&#8220;1.8em&#8220; animation_style=&#8220;fade&#8220; link_option_url=&#8220;https:\/\/www.hunzeloopwandeltocht.nl\/de\/hunzeloop\/?et_fb=1&amp;PageSpeed=off&#8220; border_color_all_image=&#8220;#&#8220; global_colors_info=&#8220;{}&#8220;]<\/p>\n<p>Die Kosten f\u00fcr die Vorregistrierung betragen 6 \u20ac.<\/p>\n<p><span style=\"font-size: 17px;\">G\u00f6nner von Het Drentse Landschap erhalten 1 \u20ac Erm\u00e4\u00dfigung auf den Eintrittspreis. Dies gilt auch f\u00fcr die Mitglieder des KWBN. Dies sollten Sie bei der Anmeldung angeben.<\/span><\/p>\n<p>&nbsp;<\/p>\n<p>[\/et_pb_blurb][\/et_pb_column][et_pb_column type=&#8220;1_2&#8243; _builder_version=&#8220;4.16&#8243; custom_padding=&#8220;|||&#8220; global_colors_info=&#8220;{}&#8220; custom_padding__hover=&#8220;|||&#8220;][et_pb_blurb title=&#8220;Registrierung am Tag&#8220; use_icon=&#8220;on&#8220; font_icon=&#8220;&#x6c;||divi||400&#8243; icon_color=&#8220;#82368c&#8220; icon_placement=&#8220;left&#8220; _builder_version=&#8220;4.16&#8243; header_font=&#8220;Montserrat|500|||||||&#8220; header_line_height=&#8220;1.8em&#8220; body_font=&#8220;Montserrat|300|||||||&#8220; body_font_size=&#8220;17px&#8220; body_line_height=&#8220;1.8em&#8220; animation_style=&#8220;fade&#8220; border_color_all_image=&#8220;#&#8220; global_colors_info=&#8220;{}&#8220;]<\/p>\n<p>Die Teilnahme kostet 6 \u20ac &#8211; Sie entscheiden selbst, ob Sie eine Medaille m\u00f6chten oder nicht, diese ist nicht im Preis inbegriffen.<\/p>\n<p>Kinder bis zu 4 Jahren sind kostenlos.<\/p>\n<p>G\u00f6nner von Het Drentse Landschap erhalten 1 \u20ac Erm\u00e4\u00dfigung auf den Eintrittspreis. Dies gilt auch f\u00fcr die Mitglieder des KWBN. Bitte geben Sie auf dem Anmeldeformular deutlich an, dass Sie ein M\u00e4zen oder Mitglied einer der beiden Organisationen sind.<\/p>\n<p><strong><span style=\"color: #993366;\"> <\/span><\/strong><\/p>\n<p><span style=\"color: #82368c;\"><strong><a href=\"#\" style=\"color: #82368c;\"><\/a><\/strong><\/span><\/p>\n<p>[\/et_pb_blurb][\/et_pb_column][\/et_pb_row][\/et_pb_section][et_pb_section fb_built=&#8220;1&#8243; prev_background_color=&#8220;#ffffff&#8220; admin_label=&#8220;Hero&#8220; _builder_version=&#8220;4.16&#8243; use_background_color_gradient=&#8220;on&#8220; background_color_gradient_stops=&#8220;rgba(0,0,0,0.5) 0%|rgba(0,0,0,0) 100%&#8220; background_color_gradient_overlays_image=&#8220;on&#8220; background_color_gradient_start=&#8220;rgba(0,0,0,0.5)&#8220; background_color_gradient_end=&#8220;rgba(0,0,0,0)&#8220; background_image=&#8220;https:\/\/www.hunzeloopwandeltocht.nl\/wp-content\/uploads\/2019\/09\/2019-09-21-10.49.23.jpg&#8220; custom_margin=&#8220;|||&#8220; custom_padding=&#8220;174px||0px||false|false&#8220; top_divider_style=&#8220;asymmetric&#8220; bottom_divider_style=&#8220;slant&#8220; bottom_divider_color=&#8220;#ffffff&#8220; bottom_divider_flip=&#8220;horizontal&#8220; animation_style=&#8220;slide&#8220; animation_direction=&#8220;top&#8220; animation_intensity_slide=&#8220;5%&#8220; animation_starting_opacity=&#8220;100%&#8220; global_colors_info=&#8220;{}&#8220;][et_pb_row column_structure=&#8220;3_4,1_4&#8243; _builder_version=&#8220;4.16&#8243; background_size=&#8220;initial&#8220; background_position=&#8220;top_left&#8220; background_repeat=&#8220;repeat&#8220; custom_padding=&#8220;27px|0px|0px|0px&#8220; global_colors_info=&#8220;{}&#8220;][et_pb_column type=&#8220;3_4&#8243; _builder_version=&#8220;4.16&#8243; custom_padding=&#8220;|||&#8220; global_colors_info=&#8220;{}&#8220; custom_padding__hover=&#8220;|||&#8220;][et_pb_divider color=&#8220;rgba(255,255,255,0.7)&#8220; divider_weight=&#8220;3px&#8220; _builder_version=&#8220;4.16&#8243; max_width=&#8220;120px&#8220; animation_style=&#8220;zoom&#8220; animation_direction=&#8220;left&#8220; global_colors_info=&#8220;{}&#8220;][\/et_pb_divider][\/et_pb_column][et_pb_column type=&#8220;1_4&#8243; _builder_version=&#8220;4.16&#8243; custom_padding=&#8220;|||&#8220; global_colors_info=&#8220;{}&#8220; custom_padding__hover=&#8220;|||&#8220;][\/et_pb_column][\/et_pb_row][et_pb_row _builder_version=&#8220;4.16&#8243; custom_padding=&#8220;27px|0px|0px|0px&#8220; global_colors_info=&#8220;{}&#8220;][et_pb_column type=&#8220;4_4&#8243; _builder_version=&#8220;4.16&#8243; custom_padding=&#8220;|||&#8220; global_colors_info=&#8220;{}&#8220; custom_padding__hover=&#8220;|||&#8220;][\/et_pb_column][\/et_pb_row][\/et_pb_section][et_pb_section fb_built=&#8220;1&#8243; admin_label=&#8220;Resources&#8220; _builder_version=&#8220;4.16&#8243; background_color=&#8220;#ffffff&#8220; custom_margin=&#8220;|||&#8220; custom_padding=&#8220;0|0px|0|0px|false|false&#8220; global_colors_info=&#8220;{}&#8220;][et_pb_row column_structure=&#8220;1_3,1_3,1_3&#8243; _builder_version=&#8220;4.16&#8243; custom_margin=&#8220;50px|||&#8220; custom_padding=&#8220;0|0px|0|0px|false|false&#8220; global_colors_info=&#8220;{}&#8220;][et_pb_column type=&#8220;1_3&#8243; _builder_version=&#8220;4.16&#8243; custom_padding=&#8220;|||&#8220; global_colors_info=&#8220;{}&#8220; custom_padding__hover=&#8220;|||&#8220;][et_pb_blurb title=&#8220;Start-\/Zielort + Parken&#8220; use_icon=&#8220;on&#8220; font_icon=&#8220;&#x6c;||divi||400&#8243; icon_color=&#8220;#82368c&#8220; icon_placement=&#8220;left&#8220; _builder_version=&#8220;4.16&#8243; header_font=&#8220;Montserrat|500|||||||&#8220; header_line_height=&#8220;1.8em&#8220; body_font=&#8220;Montserrat|300|||||||&#8220; body_font_size=&#8220;17px&#8220; body_line_height=&#8220;1.8em&#8220; animation_style=&#8220;fade&#8220; border_color_all_image=&#8220;#&#8220; global_colors_info=&#8220;{}&#8220;]<\/p>\n<p>Der Start des Hunzeloop ist in Het Achterom in Zuidlaren. Der gr\u00fcne Rand, an dem allj\u00e4hrlich der \u00e4lteste Pferdemarkt Europas abgehalten wird. Der Weg zum Start und zum Parkplatz ist deutlich ausgeschildert.<\/p>\n<p>Parkm\u00f6glichkeiten gibt es auf dem Brink. Folgen Sie am Ortseingang von Zuidlaren den Schildern &#8220; P Hunzeloop&#8220; und den Anweisungen der Verkehrslotsen.<\/p>\n<p><strong><span style=\"color: #993366;\"> <\/span><\/strong><\/p>\n<p><span style=\"color: #82368c;\"><strong><a href=\"#\" style=\"color: #82368c;\"><\/a><\/strong><\/span><\/p>\n<p>[\/et_pb_blurb][\/et_pb_column][et_pb_column type=&#8220;1_3&#8243; _builder_version=&#8220;4.16&#8243; custom_padding=&#8220;|||&#8220; global_colors_info=&#8220;{}&#8220; custom_padding__hover=&#8220;|||&#8220;][et_pb_blurb title=&#8220;Start- und Endzeiten&#8220; url=&#8220;https:\/\/www.hunzeloopwandeltocht.nl\/de\/hunzeloop\/?et_fb=1&amp;PageSpeed=off&#8220; use_icon=&#8220;on&#8220; font_icon=&#8220;&#xe60d;||divi||400&#8243; icon_color=&#8220;#82368c&#8220; icon_placement=&#8220;left&#8220; _builder_version=&#8220;4.25.2&#8243; header_font=&#8220;Montserrat|500|||||||&#8220; header_line_height=&#8220;1.8em&#8220; body_font=&#8220;Montserrat|300|||||||&#8220; body_font_size=&#8220;17px&#8220; body_line_height=&#8220;1.8em&#8220; animation_style=&#8220;fade&#8220; link_option_url=&#8220;https:\/\/www.hunzeloopwandeltocht.nl\/de\/hunzeloop\/?et_fb=1&amp;PageSpeed=off&#8220; border_color_all_image=&#8220;#&#8220; global_colors_info=&#8220;{}&#8220;]<\/p>\n<p>Damit es auf den Strecken und an den Rastpl\u00e4tzen nicht zu voll wird, halten wir die folgenden Startzeiten ein:<\/p>\n<p>25 km von 08:00 bis 10:00 20 km von 08:00 bis 11:00 15 km von 10:00 bis 13:00 10, 5 km und 2,5 km 10:00 bis 14:00<\/p>\n<p>Das Startb\u00fcro schlie\u00dft um 17.00 Uhr, dann wird erwartet, dass alle Teilnehmer drinnen sind und sich abgemeldet haben.<\/p>\n<p>&nbsp;<\/p>\n<p>[\/et_pb_blurb][\/et_pb_column][et_pb_column type=&#8220;1_3&#8243; _builder_version=&#8220;4.16&#8243; custom_padding=&#8220;|||&#8220; global_colors_info=&#8220;{}&#8220; custom_padding__hover=&#8220;|||&#8220;][et_pb_blurb title=&#8220;Rastst\u00e4tten&#8220; use_icon=&#8220;on&#8220; font_icon=&#8220;&#xe008;||divi||400&#8243; icon_color=&#8220;#82368c&#8220; icon_placement=&#8220;left&#8220; _builder_version=&#8220;4.16&#8243; header_font=&#8220;Montserrat|500|||||||&#8220; header_line_height=&#8220;1.8em&#8220; body_font=&#8220;Montserrat|300|||||||&#8220; body_font_size=&#8220;17px&#8220; body_line_height=&#8220;1.8em&#8220; animation_style=&#8220;fade&#8220; border_color_all_image=&#8220;#&#8220; global_colors_info=&#8220;{}&#8220;]<\/p>\n<p>Entlang des Weges gibt es zahlreiche Rastpl\u00e4tze, an denen Sie sich einen nassen und trockenen Snack holen k\u00f6nnen. Ausreichende Toiletten sind dort ebenfalls vorhanden. Dennoch empfehlen wir Ihnen, bei (extremer) Hitze auch Ihr eigenes Wasser f\u00fcr unterwegs mitzubringen.<\/p>\n<p><span style=\"color: #82368c;\"><strong> <\/strong><\/span><\/p>\n<p>[\/et_pb_blurb][\/et_pb_column][\/et_pb_row][\/et_pb_section][et_pb_section fb_built=&#8220;1&#8243; admin_label=&#8220;Register&#8220; _builder_version=&#8220;4.16&#8243; use_background_color_gradient=&#8220;on&#8220; background_color_gradient_direction=&#8220;240deg&#8220; background_color_gradient_stops=&#8220;#ffffff 0%|rgba(255,255,255,0.86) 100%&#8220; background_color_gradient_overlays_image=&#8220;on&#8220; background_color_gradient_start=&#8220;#ffffff&#8220; background_color_gradient_end=&#8220;rgba(255,255,255,0.86)&#8220; background_image=&#8220;https:\/\/www.hunzeloopwandeltocht.nl\/wp-content\/uploads\/2019\/04\/20120915-IMG_5940-1024&#215;683.jpg&#8220; background_position=&#8220;top_center&#8220; custom_padding=&#8220;35px||90px||false|false&#8220; animation_style=&#8220;slide&#8220; animation_direction=&#8220;bottom&#8220; animation_intensity_slide=&#8220;10%&#8220; animation_starting_opacity=&#8220;100%&#8220; global_colors_info=&#8220;{}&#8220;][et_pb_row _builder_version=&#8220;4.16&#8243; custom_padding=&#8220;0|0px|0|0px|false|false&#8220; global_colors_info=&#8220;{}&#8220;][et_pb_column type=&#8220;4_4&#8243; _builder_version=&#8220;4.16&#8243; custom_padding=&#8220;|||&#8220; global_colors_info=&#8220;{}&#8220; custom_padding__hover=&#8220;|||&#8220;][et_pb_text admin_label=&#8220;Title&#8220; _builder_version=&#8220;4.16&#8243; text_font=&#8220;||||||||&#8220; header_font=&#8220;||||||||&#8220; header_2_font=&#8220;Montserrat|500|||||||&#8220; header_2_text_align=&#8220;center&#8220; header_2_font_size=&#8220;30px&#8220; animation_style=&#8220;fade&#8220; global_colors_info=&#8220;{}&#8220;]<\/p>\n<h2>TEILNEHMEN!  <\/h2>\n<p>[\/et_pb_text][et_pb_text _builder_version=&#8220;4.16&#8243; text_font=&#8220;Montserrat|300|||||||&#8220; text_font_size=&#8220;16px&#8220; text_line_height=&#8220;1.8em&#8220; header_font=&#8220;||||||||&#8220; text_orientation=&#8220;center&#8220; max_width=&#8220;700px&#8220; module_alignment=&#8220;center&#8220; custom_margin=&#8220;||70px|&#8220; animation_style=&#8220;fade&#8220; global_colors_info=&#8220;{}&#8220;]<\/p>\n<p>Gehen Sie spazieren und genie\u00dfen Sie die sch\u00f6nen Naturgebiete und die Geselligkeit. Vielleicht sehen Sie unterwegs sogar einen Biber, einen L\u00f6ffelhund oder einen Seeadler.<\/p>\n<p>[\/et_pb_text][\/et_pb_column][\/et_pb_row][\/et_pb_section]<\/p>\n","protected":false},"excerpt":{"rendered":"<p>Abonnieren Wenn Sie bei der Anmeldung nicht warten m\u00f6chten, k\u00f6nnen Sie die Gelegenheit nutzen, sich vorab zu registrieren. Sie k\u00f6nnen dies ganz einfach tun, indem Sie auf die Schaltfl\u00e4che Abonnieren klicken. Sie erhalten dann Ihre Teilnahmekarte, die Sie am Start einscannen lassen k\u00f6nnen, damit wir wissen, dass Sie tats\u00e4chlich auf der Strecke sind. Aus demselben [&hellip;]<\/p>\n","protected":false},"author":5,"featured_media":0,"parent":0,"menu_order":0,"comment_status":"closed","ping_status":"closed","template":"","meta":{"_et_pb_use_builder":"on","_et_pb_old_content":"","_et_gb_content_width":"","footnotes":""},"class_list":["post-10633","page","type-page","status-publish","hentry"],"_links":{"self":[{"href":"https:\/\/www.hunzeloopwandeltocht.nl\/de\/wp-json\/wp\/v2\/pages\/10633","targetHints":{"allow":["GET"]}}],"collection":[{"href":"https:\/\/www.hunzeloopwandeltocht.nl\/de\/wp-json\/wp\/v2\/pages"}],"about":[{"href":"https:\/\/www.hunzeloopwandeltocht.nl\/de\/wp-json\/wp\/v2\/types\/page"}],"author":[{"embeddable":true,"href":"https:\/\/www.hunzeloopwandeltocht.nl\/de\/wp-json\/wp\/v2\/users\/5"}],"replies":[{"embeddable":true,"href":"https:\/\/www.hunzeloopwandeltocht.nl\/de\/wp-json\/wp\/v2\/comments?post=10633"}],"version-history":[{"count":6,"href":"https:\/\/www.hunzeloopwandeltocht.nl\/de\/wp-json\/wp\/v2\/pages\/10633\/revisions"}],"predecessor-version":[{"id":12576,"href":"https:\/\/www.hunzeloopwandeltocht.nl\/de\/wp-json\/wp\/v2\/pages\/10633\/revisions\/12576"}],"wp:attachment":[{"href":"https:\/\/www.hunzeloopwandeltocht.nl\/de\/wp-json\/wp\/v2\/media?parent=10633"}],"curies":[{"name":"wp","href":"https:\/\/api.w.org\/{rel}","templated":true}]}}