{"id":10632,"date":"2019-05-07T17:36:28","date_gmt":"2019-05-07T17:36:28","guid":{"rendered":"https:\/\/www.hunzeloopwandeltocht.nl\/verordnungen-hunzeloop\/"},"modified":"2024-06-25T08:30:44","modified_gmt":"2024-06-25T08:30:44","slug":"verordnungen-hunzeloop","status":"publish","type":"page","link":"https:\/\/www.hunzeloopwandeltocht.nl\/de\/verordnungen-hunzeloop\/","title":{"rendered":"Verordnungen Hunzeloop"},"content":{"rendered":"<p>[et_pb_section fb_built=&#8220;1&#8243; _builder_version=&#8220;3.21.4&#8243;][et_pb_row _builder_version=&#8220;3.21.4&#8243;][et_pb_column type=&#8220;4_4&#8243; _builder_version=&#8220;3.21.4&#8243;][et_pb_text _builder_version=&#8220;3.21.4&#8243;]<\/p>\n<h3><strong>Verordnungen Hunzeloop  <\/strong><\/h3>\n<p>&nbsp;<\/p>\n<p>Der Hunzeloop wird von der Stichting Het Drentse Landschap, im Folgenden als Organisation bezeichnet, organisiert. Dieses Reglement gilt f\u00fcr alle teilnehmenden Wanderer am Hunzeloop, im Folgenden als Teilnehmer bezeichnet.<\/p>\n<h5><strong>Allgemein<\/strong><\/h5>\n<ul>\n<li>Der Hunzeloop ist ein Spaziergang ohne Wettkampfcharakter.<\/li>\n<li>Die Teilnahme ist freiwillig und erfolgt auf Ihr eigenes Risiko.<\/li>\n<li>Die Eintragung darf nur in der Art und Weise und unter den Bedingungen erfolgen, die von der Organisation festgelegt wurden<span>.<\/span><\/li>\n<li>Die Organisation bestimmt die maximale Anzahl der Teilnehmer\/Registrierungen.<\/li>\n<\/ul>\n<h5><strong>Anmeldung<\/strong><\/h5>\n<ul>\n<li>Die Anmeldung erfolgt durch Einreichung des vollst\u00e4ndig ausgef\u00fcllten Anmeldeformulars und Zahlung der f\u00e4lligen Anmeldegeb\u00fchr. Dieses Anmeldeformular k\u00f6nnen Sie vor dem Start des Hunzeloops am Startort erhalten und ausf\u00fcllen. Die digitale Anmeldung und Bezahlung kann auch vor der Tour unter www.hunzeloop.nl erfolgen.<\/li>\n<li>Bei Nichtteilnahme oder Absage der Tour aufgrund h\u00f6herer Gewalt oder extremer Wetterbedingungen wird die Teilnahmegeb\u00fchr nicht zur\u00fcckerstattet.<\/li>\n<li>Der Teilnehmer ist f\u00fcr die (Wahl der) Methode der Anmeldung verantwortlich. Die Organisation haftet nicht f\u00fcr Fehler, die bei oder w\u00e4hrend der Post- oder Internet\u00fcbertragung auftreten.<\/li>\n<li>Mit der Anmeldung zur Wanderung erkl\u00e4rt der Teilnehmer, dass er mit den Bestimmungen dieses Reglements vertraut ist und es akzeptiert.<\/li>\n<li>Eine Teilnahme ohne Startkarte ist nicht gestattet.<\/li>\n<li>Wenn auf die Teilnahme verzichtet wird, besteht kein Anspruch auf R\u00fcckerstattung der Teilnahmegeb\u00fchr.<\/li>\n<\/ul>\n<h5><strong>Verwendung von Foto- und\/oder Videomaterial<\/strong><\/h5>\n<ul>\n<li>Bei dieser Veranstaltung werden atmosph\u00e4rische Eindr\u00fccke durch Foto- und\/oder Videoaufnahmen festgehalten.  <span><\/span>Wenn ein Teilnehmer im Hunzeloop erkennbar abgebildet ist, wird im Voraus eine Genehmigung eingeholt. Auf erste Aufforderung eines Teilnehmers des Hunzeloops, der erkennbar auf dem Bild abgebildet ist, wird das entsprechende Foto- und\/oder Videomaterial entfernt.<strong style=\"font-size: 14px;\"> <\/strong><\/li>\n<\/ul>\n<h5><strong>Datenschutz<\/strong><\/h5>\n<p>Der Organisator respektiert Ihre Privatsph\u00e4re. Pers\u00f6nliche Daten sind alle Informationen, die auf Ihre Person zur\u00fcckgef\u00fchrt werden k\u00f6nnen. Personenbezogene Daten werden von der Organisation in angemessener und sorgf\u00e4ltiger Weise in \u00dcbereinstimmung mit dem Gesetz und unter geb\u00fchrender Ber\u00fccksichtigung des Rechts jedes Teilnehmers auf Schutz seiner oder ihrer Privatsph\u00e4re verarbeitet. Ausschlie\u00dflich zum Zweck der Erleichterung der Registrierung und Teilnahme am Hunzeloop, der \u00dcberwachung und Durchsetzung der Einhaltung der Vorschriften sowie zu Verwaltungs-, Informations-, Werbe- und Statistikzwecken. Personenbezogene Daten werden nicht in einer Weise (weiter-)verarbeitet, die mit dem Zweck, f\u00fcr den sie erhoben wurden, unvereinbar ist, und daher nicht an Dritte verkauft oder anderweitig zur Verf\u00fcgung gestellt, es sei denn, der betreffende Teilnehmer hat seine Zustimmung gegeben.<span style=\"font-size: 14px;\"> <\/span><\/p>\n<h5><strong>Teilnahme<\/strong><\/h5>\n<ul>\n<li>Gehen ist definiert als eine Vorw\u00e4rtsbewegung, bei der die F\u00fc\u00dfe st\u00e4ndig den Boden ber\u00fchren und das K\u00f6rpergewicht abwechselnd vom linken auf das rechte Bein verlagert wird.\n<ul>\n<li>Es ist daher nicht erlaubt: ein Transportmittel zu benutzen<\/li>\n<li>sich in einem Lauf vorw\u00e4rts zu bewegen.<\/li>\n<\/ul>\n<\/li>\n<li>\n<h6>WILL erlaubt sein:<\/h6>\n<ul>\n<li>Nordic Walking und abgeleitete Walking-Sportarten<\/li>\n<li>schnelles Gehen<\/li>\n<li>Die Benutzung von Rollst\u00fchlen durch k\u00f6rperlich behinderte Teilnehmer.<\/li>\n<\/ul>\n<\/li>\n<li>Der Platz ist nicht f\u00fcr Rollst\u00fchle und die Benutzung von Buggys, Kinderwagen und Kastenwagen ausgestattet. Sie sind nur auf der 5 km-Strecke erlaubt. Pfad<\/li>\n<li>Das \u00dcberholen ist nur dann erlaubt, wenn andere Teilnehmer dadurch nicht bel\u00e4stigt werden.<\/li>\n<li>Der Teilnehmer muss der f\u00fcr ihn angegebenen Route folgen.<\/li>\n<li>W\u00e4hrend des Spaziergangs ist es den Teilnehmern untersagt, in irgendeiner Weise\n<ul>\n<li>die eine politische oder religi\u00f6se Zugeh\u00f6rigkeit zum Ausdruck bringen;<\/li>\n<li>sich offensiv zu verhalten oder zu kleiden;<\/li>\n<li>Werbegegenst\u00e4nde mit sich f\u00fchren, es sei denn, Sie haben die Erlaubnis der Organisation;<\/li>\n<li>Hunde mitbringen (au\u00dfer f\u00fcr die 5 km lange Strecke);<\/li>\n<li>laut spielende Radios oder andere Tontr\u00e4ger zu tragen (oder tragen zu lassen);<\/li>\n<li>das Vorhandensein von Gegenst\u00e4nden, die eine Gefahr oder ein ernsthaftes \u00c4rgernis f\u00fcr andere Teilnehmer darstellen k\u00f6nnten.<\/li>\n<\/ul>\n<\/li>\n<li>Kleidung sollte immer im Einklang mit der Moral stehen. Der Oberk\u00f6rper bleibt immer bedeckt.<\/li>\n<li>Teilnehmer, die sich w\u00e4hrend des Wandertages nicht vor der von der Organisation festgelegten Zeit (korrekt und pers\u00f6nlich) abmelden, werden als Aussteiger betrachtet.<\/li>\n<li>Anweisungen der Organisation, der Polizei und anderer Mitarbeiter m\u00fcssen befolgt werden.<\/li>\n<li>Die Veranstaltung ist f\u00fcr jedermann zug\u00e4nglich, sofern er ein g\u00fcltiges Teilnahmeticket besitzt.<\/li>\n<li>Die Eltern von Kindern bleiben jederzeit f\u00fcr die Aufsicht und das Verhalten ihrer Kinder verantwortlich.<\/li>\n<li>Die Abf\u00e4lle sollten in den bereitgestellten Beh\u00e4ltern und S\u00e4cken entsorgt werden. Littering in jeglicher Form wird bestraft: Wenn ein Teilnehmer beim Littering erwischt wird, k\u00f6nnen ihm die Kosten f\u00fcr die Reinigung in Rechnung gestellt werden.<\/li>\n<li>Das Wegenverkeerswet 1994 und das Reglement Verkeersregels en Verkeerstekens 1990 bleiben w\u00e4hrend der Wanderung in vollem Umfang in Kraft, sofern nicht ausdr\u00fccklich anders angegeben.<\/li>\n<li>Ein Versto\u00df gegen die in diesem Reglement festgelegten Bestimmungen kann zum Ausschluss von der weiteren Teilnahme f\u00fchren.<\/li>\n<li>Die Teilnahme erfolgt auf Ihr eigenes Risiko.<\/li>\n<\/ul>\n<h5><strong>Haftung Organisation<\/strong><\/h5>\n<ul>\n<li>Die Organisation, etwaige Partner oder Personen, die f\u00fcr sie arbeiten, k\u00f6nnen nicht f\u00fcr Verletzungen und\/oder materielle Sch\u00e4den haftbar gemacht werden, die Teilnehmer bei der Veranstaltung innerhalb oder au\u00dferhalb des Start-\/Zielbereichs oder -orts oder w\u00e4hrend der Strecke erleiden k\u00f6nnen.<\/li>\n<li>Der Teilnehmer haftet zu jeder Zeit f\u00fcr alle Sch\u00e4den, die er der Organisation, dem Ort und dem von der Organisation zur Verf\u00fcgung gestellten Material sowie anderen externen Parteien zuf\u00fcgt.<\/li>\n<li>Die Organisation beh\u00e4lt sich das Recht vor, die Route, die Start- und\/oder Zielzeiten und\/oder die Orte zu \u00e4ndern oder die gesamte oder einen Teil der Veranstaltung aufgrund extremer Wetterbedingungen oder anderer Katastrophen abzusagen, wenn dies der Organisation nicht anders zugemutet werden kann. Es besteht dann kein Anspruch auf R\u00fcckerstattung des Startgeldes f\u00fcr die<strong>Teilnehmer<\/strong>, noch auf Ersatz von materiellen und immateriellen Sch\u00e4den.<\/li>\n<li>In allen F\u00e4llen, die nicht durch diese Bestimmungen abgedeckt sind, entscheidet die Organisation. Die Organisation stellt durch Ver\u00f6ffentlichung auf ihrer Website oder auf andere Weise sicher, dass die durch oder im Rahmen dieses Reglements geltenden Bestimmungen jedem Teilnehmer hinreichend bekannt sind.<\/li>\n<\/ul>\n<h5><strong>Verkauf und Werbung<\/strong><\/h5>\n<ul>\n<li>Es ist nicht erlaubt, ohne Genehmigung der Organisation Lebensmittel oder andere Gegenst\u00e4nde zu verkaufen.<\/li>\n<li>Werbung f\u00fcr Unternehmen und Organisationen, die nicht Partner der Hunzeloop sind, ist verboten.<span style=\"font-size: 14px;\"> <\/span><\/li>\n<\/ul>\n<p>Wenn eine der oben genannten Regeln nicht eingehalten wird, wird der Teilnehmer aufgefordert, die Veranstaltung zu verlassen. Wenn er sich weigert, wird die \u00f6rtliche Polizei eingeschaltet.<\/p>\n<p>Mit der Anmeldung erkl\u00e4rt jeder Teilnehmer, dass er mit diesen Regeln vertraut ist und ihnen zustimmt. In allen F\u00e4llen, die nicht durch diese Bestimmungen abgedeckt sind, entscheidet die Organisation.<\/p>\n<p>[\/et_pb_text][\/et_pb_column][\/et_pb_row][\/et_pb_section]<\/p>\n","protected":false},"excerpt":{"rendered":"<p>Verordnungen Hunzeloop &nbsp; Der Hunzeloop wird von der Stichting Het Drentse Landschap, im Folgenden als Organisation bezeichnet, organisiert. Dieses Reglement gilt f\u00fcr alle teilnehmenden Wanderer am Hunzeloop, im Folgenden als Teilnehmer bezeichnet. Allgemein Der Hunzeloop ist ein Spaziergang ohne Wettkampfcharakter. Die Teilnahme ist freiwillig und erfolgt auf Ihr eigenes Risiko. Die Eintragung darf nur in [&hellip;]<\/p>\n","protected":false},"author":5,"featured_media":0,"parent":0,"menu_order":0,"comment_status":"closed","ping_status":"closed","template":"","meta":{"_et_pb_use_builder":"on","_et_pb_old_content":"","_et_gb_content_width":"","footnotes":""},"class_list":["post-10632","page","type-page","status-publish","hentry"],"_links":{"self":[{"href":"https:\/\/www.hunzeloopwandeltocht.nl\/de\/wp-json\/wp\/v2\/pages\/10632","targetHints":{"allow":["GET"]}}],"collection":[{"href":"https:\/\/www.hunzeloopwandeltocht.nl\/de\/wp-json\/wp\/v2\/pages"}],"about":[{"href":"https:\/\/www.hunzeloopwandeltocht.nl\/de\/wp-json\/wp\/v2\/types\/page"}],"author":[{"embeddable":true,"href":"https:\/\/www.hunzeloopwandeltocht.nl\/de\/wp-json\/wp\/v2\/users\/5"}],"replies":[{"embeddable":true,"href":"https:\/\/www.hunzeloopwandeltocht.nl\/de\/wp-json\/wp\/v2\/comments?post=10632"}],"version-history":[{"count":2,"href":"https:\/\/www.hunzeloopwandeltocht.nl\/de\/wp-json\/wp\/v2\/pages\/10632\/revisions"}],"predecessor-version":[{"id":10640,"href":"https:\/\/www.hunzeloopwandeltocht.nl\/de\/wp-json\/wp\/v2\/pages\/10632\/revisions\/10640"}],"wp:attachment":[{"href":"https:\/\/www.hunzeloopwandeltocht.nl\/de\/wp-json\/wp\/v2\/media?parent=10632"}],"curies":[{"name":"wp","href":"https:\/\/api.w.org\/{rel}","templated":true}]}}