{"id":10620,"date":"2019-05-03T12:06:42","date_gmt":"2019-05-03T12:06:42","guid":{"rendered":"https:\/\/www.hunzeloopwandeltocht.nl\/der-hunzeloop\/"},"modified":"2024-06-25T08:30:38","modified_gmt":"2024-06-25T08:30:38","slug":"der-hunzeloop","status":"publish","type":"page","link":"https:\/\/www.hunzeloopwandeltocht.nl\/de\/der-hunzeloop\/","title":{"rendered":"Der Hunzeloop"},"content":{"rendered":"<p>[et_pb_section fb_built=&#8220;1&#8243; admin_label=&#8220;Hero&#8220; _builder_version=&#8220;3.22&#8243; use_background_color_gradient=&#8220;on&#8220; background_color_gradient_start=&#8220;rgba(0,0,0,0.5)&#8220; background_color_gradient_end=&#8220;rgba(0,0,0,0)&#8220; background_color_gradient_overlays_image=&#8220;on&#8220; background_image=&#8220;https:\/\/www.hunzeloopwandeltocht.nl\/wp-content\/uploads\/2019\/09\/2019-09-21-08.33.34.jpg&#8220; custom_margin=&#8220;|||&#8220; custom_padding=&#8220;180px||0px|&#8220; bottom_divider_style=&#8220;slant&#8220; bottom_divider_color=&#8220;#ffffff&#8220; bottom_divider_flip=&#8220;horizontal&#8220; animation_style=&#8220;slide&#8220; animation_direction=&#8220;top&#8220; animation_intensity_slide=&#8220;5%&#8220; animation_starting_opacity=&#8220;100%&#8220;][et_pb_row column_structure=&#8220;3_4,1_4&#8243; _builder_version=&#8220;3.25&#8243; background_size=&#8220;initial&#8220; background_position=&#8220;top_left&#8220; background_repeat=&#8220;repeat&#8220; custom_padding=&#8220;27px|0px|0px|0px&#8220;][et_pb_column type=&#8220;3_4&#8243; _builder_version=&#8220;3.25&#8243; custom_padding=&#8220;|||&#8220; custom_padding__hover=&#8220;|||&#8220;][et_pb_text admin_label=&#8220;Title&#8220; _builder_version=&#8220;3.27.4&#8243; text_font=&#8220;||||||||&#8220; header_font=&#8220;Montserrat|600|||||||&#8220; header_font_size=&#8220;80px&#8220; header_line_height=&#8220;1.2em&#8220; background_layout=&#8220;dark&#8220; animation_style=&#8220;zoom&#8220; animation_direction=&#8220;left&#8220; animation_intensity_zoom=&#8220;10%&#8220; header_font_size_tablet=&#8220;&#8220; header_font_size_phone=&#8220;72px&#8220; header_font_size_last_edited=&#8220;on|phone&#8220;]<\/p>\n<h1>Der Hunzeloop<\/h1>\n<p>[\/et_pb_text][et_pb_divider color=&#8220;rgba(255,255,255,0.7)&#8220; divider_weight=&#8220;3px&#8220; _builder_version=&#8220;3.2&#8243; max_width=&#8220;120px&#8220; animation_style=&#8220;zoom&#8220; animation_direction=&#8220;left&#8220;][\/et_pb_divider][\/et_pb_column][et_pb_column type=&#8220;1_4&#8243; _builder_version=&#8220;3.25&#8243; custom_padding=&#8220;|||&#8220; custom_padding__hover=&#8220;|||&#8220;][\/et_pb_column][\/et_pb_row][\/et_pb_section][et_pb_section fb_built=&#8220;1&#8243; admin_label=&#8220;Resources&#8220; _builder_version=&#8220;3.22&#8243; background_color=&#8220;#ffffff&#8220; custom_margin=&#8220;|||&#8220; custom_padding=&#8220;42px|0px|54px|0px|false|false&#8220;][et_pb_row _builder_version=&#8220;3.25&#8243; custom_padding=&#8220;1px|0px|0|0px|false|false&#8220;][et_pb_column type=&#8220;4_4&#8243; _builder_version=&#8220;3.25&#8243; custom_padding=&#8220;|||&#8220; custom_padding__hover=&#8220;|||&#8220;][et_pb_text admin_label=&#8220;Title&#8220; _builder_version=&#8220;3.27.4&#8243; text_font=&#8220;Montserrat|300|||||||&#8220; text_font_size=&#8220;16px&#8220; text_line_height=&#8220;1.8em&#8220; header_font=&#8220;||||||||&#8220; header_2_font=&#8220;Montserrat|500|||||||&#8220; header_2_text_align=&#8220;center&#8220; header_2_font_size=&#8220;30px&#8220; header_2_line_height=&#8220;1.4em&#8220; text_orientation=&#8220;center&#8220; max_width=&#8220;700px&#8220; module_alignment=&#8220;center&#8220; animation_direction=&#8220;right&#8220;]<\/p>\n<h1><span color=\"#95c11f\" style=\"color: #95c11f;\"><span style=\"caret-color: #95c11f;\"><b>Warum der Hunzeloop?<\/b><\/span><\/span><span style=\"font-size: 16px; color: #666666;\"> <\/span><\/h1>\n<p>[\/et_pb_text][et_pb_text _builder_version=&#8220;3.27.4&#8243;]<\/p>\n<p style=\"text-align: center;\">Ein Spaziergang durch den Wald oder im Moor macht nicht nur Spa\u00df, er ist auch gesund. Het Drentse Landschap macht dies m\u00f6glich, indem sie Fl\u00e4chen erwirbt und sch\u00fctzt, so dass es jetzt und in Zukunft m\u00f6glich bleibt, eine robuste, nat\u00fcrliche und gesunde Lebens-, Arbeits- und Erholungsumgebung zu genie\u00dfen, in der die Natur respektiert wird. Mit Ihrer Teilnahme unterst\u00fctzen Sie die Drentse Landschap und investieren gleichzeitig in sich selbst und Ihre Umgebung. Schlie\u00dflich kommt der Erl\u00f6s des Hunzeloop Het Drentse Landschap zugute, die diesen wiederum in die Drentse Landschap investiert und die Teilnahme macht Spa\u00df, ist gesellig und gesund.<\/p>\n<p>[\/et_pb_text][\/et_pb_column][\/et_pb_row][\/et_pb_section][et_pb_section fb_built=&#8220;1&#8243; prev_background_color=&#8220;#ffffff&#8220; next_background_color=&#8220;#ffffff&#8220; admin_label=&#8220;Quote&#8220; _builder_version=&#8220;3.22&#8243; background_color=&#8220;#82368c&#8220; background_color_gradient_direction=&#8220;120deg&#8220; max_width=&#8220;80%&#8220; max_width_tablet=&#8220;100%&#8220; max_width_phone=&#8220;&#8220; max_width_last_edited=&#8220;on|desktop&#8220; module_alignment=&#8220;left&#8220; custom_margin=&#8220;|||&#8220; custom_padding=&#8220;51.359375px|0px|14px|0px|false|false&#8220; top_divider_style=&#8220;arrow2&#8243; top_divider_height=&#8220;65px&#8220; top_divider_flip=&#8220;vertical&#8220; bottom_divider_style=&#8220;curve&#8220;][et_pb_row column_structure=&#8220;1_2,1_2&#8243; _builder_version=&#8220;3.25&#8243; max_width=&#8220;80%&#8220; custom_margin=&#8220;|-12%||&#8220; custom_margin_tablet=&#8220;|10%||10%&#8220; custom_margin_phone=&#8220;&#8220; custom_margin_last_edited=&#8220;on|tablet&#8220; custom_padding=&#8220;61px|0px|27px|0px|false|false&#8220; use_custom_width=&#8220;on&#8220; width_unit=&#8220;off&#8220;][et_pb_column type=&#8220;1_2&#8243; _builder_version=&#8220;3.25&#8243; custom_padding=&#8220;|||&#8220; custom_padding__hover=&#8220;|||&#8220;][et_pb_text _builder_version=&#8220;3.27.4&#8243; text_font=&#8220;Montserrat||||||||&#8220; text_font_size=&#8220;17px&#8220; text_line_height=&#8220;1.6em&#8220; header_font=&#8220;||||||||&#8220; header_2_font=&#8220;||||||||&#8220; background_layout=&#8220;dark&#8220; animation_style=&#8220;fade&#8220;]<\/p>\n<h3><strong>Naturkultur und Gem\u00fctlichkeit an einem der sch\u00f6nsten Orte der Niederlande.<\/strong><\/h3>\n<p><strong><\/strong><\/p>\n<p><strong>Natur, Kultur und Geselligkeit &#8211; das sind die Schlagworte, die zum Hunzeloop passen. Das beginnt schon beim Start, denn alle Teilnehmer des Hunzeloop werden mit einer Tasse Kaffee oder Tee und einem Drents kniepertje begr\u00fc\u00dft.<\/strong><\/p>\n<p><strong style=\"font-size: 17px;\">Der Hunzeloop wird seit 2010 organisiert. Zun\u00e4chst als gemeinsame Initiative von Het Drentse Landschap, der Groninger Landschap und De Friesland Zorgverzekeraar mit Hilfe des KWBN. Inzwischen ist Het Drentse Landschap der Organisator, aber zusammen mit vielen Partnern und Freiwilligen, denn ohne sie w\u00e4re es nicht m\u00f6glich, eine Veranstaltung wie diese zu organisieren.<\/strong><\/p>\n<p><strong style=\"font-size: 17px;\">Der Hunzeloop ist eine j\u00e4hrliche, eint\u00e4gige, einzigartige Wanderveranstaltung im Norden der Niederlande. Sie findet immer am 3. Samstag im September statt. Der Hunzeloop hat seine eigene, einzigartige Formel. Natur, Kultur und Gem\u00fctlichkeit in einem der sch\u00f6nsten Orte der Niederlande. Das Einzigartige am Hunzeloop ist, dass neben einem Spaziergang in einer wundersch\u00f6nen Umgebung auch viel Platz f\u00fcr Geschichte, Kultur und Natur im Hunzedal ist. Sowohl erfahrene als auch unerfahrene L\u00e4ufer k\u00f6nnen an einer Veranstaltung von Format teilnehmen.<\/strong><\/p>\n<p>[\/et_pb_text][\/et_pb_column][et_pb_column type=&#8220;1_2&#8243; _builder_version=&#8220;3.25&#8243; custom_padding=&#8220;|||&#8220; custom_padding__hover=&#8220;|||&#8220;][et_pb_image src=&#8220;https:\/\/www.hunzeloopwandeltocht.nl\/wp-content\/uploads\/2019\/09\/2019-09-21-08.42.58.jpg&#8220; align_tablet=&#8220;center&#8220; align_phone=&#8220;&#8220; align_last_edited=&#8220;on|desktop&#8220; _builder_version=&#8220;3.23&#8243;][\/et_pb_image][et_pb_image src=&#8220;https:\/\/www.hunzeloopwandeltocht.nl\/wp-content\/uploads\/2019\/09\/2019-09-21-08.46.10.jpg&#8220; align_tablet=&#8220;center&#8220; align_phone=&#8220;&#8220; align_last_edited=&#8220;on|desktop&#8220; _builder_version=&#8220;3.23&#8243;][\/et_pb_image][\/et_pb_column][\/et_pb_row][\/et_pb_section][et_pb_section fb_built=&#8220;1&#8243; admin_label=&#8220;About&#8220; _builder_version=&#8220;3.22&#8243; custom_padding=&#8220;48px||71px||false|false&#8220;][et_pb_row _builder_version=&#8220;3.25&#8243; custom_margin=&#8220;|||&#8220; custom_padding=&#8220;0|0px|27px|0px|false|false&#8220;][et_pb_column type=&#8220;4_4&#8243; _builder_version=&#8220;3.25&#8243; custom_padding=&#8220;|||&#8220; custom_padding__hover=&#8220;|||&#8220;][et_pb_text admin_label=&#8220;Subtitle&#8220; _builder_version=&#8220;3.27.4&#8243; text_font=&#8220;Montserrat|500||on|||||&#8220; text_text_color=&#8220;rgba(0,0,0,0.25)&#8220; header_font=&#8220;||||||||&#8220; text_orientation=&#8220;center&#8220; animation_style=&#8220;fade&#8220;][\/et_pb_text][et_pb_text admin_label=&#8220;Title&#8220; _builder_version=&#8220;3.27.4&#8243; text_font=&#8220;Montserrat|300|||||||&#8220; text_font_size=&#8220;16px&#8220; text_line_height=&#8220;1.8em&#8220; header_font=&#8220;||||||||&#8220; header_2_font=&#8220;Montserrat|500|||||||&#8220; header_2_text_align=&#8220;center&#8220; header_2_font_size=&#8220;30px&#8220; header_2_line_height=&#8220;1.4em&#8220; text_orientation=&#8220;center&#8220; max_width=&#8220;700px&#8220; module_alignment=&#8220;center&#8220; animation_direction=&#8220;right&#8220;]<\/p>\n<h1><span style=\"color: #95c11f;\"><strong>Erl\u00f6se aus Hunzeloop<\/strong><\/span><\/h1>\n<p>Die Einnahmen aus dem Hunzeloop gehen an Het Drentse Landschap, die diese wiederum in touristische Erholungseinrichtungen in ihren Gebieten investiert, damit wir auch in Zukunft die Landschaft der Drentse genie\u00dfen k\u00f6nnen.  <\/p>\n<p>Auf diese Weise macht die Teilnahme nicht nur Spa\u00df, ist gesellig und gesund, sondern Sie tragen auch dazu bei, ein sch\u00f6nes, nat\u00fcrliches und gesundes Lebens- und Arbeitsumfeld zu erhalten, in dem es sich angenehm erholen und genie\u00dfen l\u00e4sst, mit einem Auge f\u00fcr und Respekt vor der Natur.<\/p>\n<p>[\/et_pb_text][\/et_pb_column][\/et_pb_row][\/et_pb_section][et_pb_section fb_built=&#8220;1&#8243; admin_label=&#8220;Hero&#8220; _builder_version=&#8220;3.22&#8243; use_background_color_gradient=&#8220;on&#8220; background_color_gradient_start=&#8220;rgba(0,0,0,0.5)&#8220; background_color_gradient_end=&#8220;rgba(0,0,0,0)&#8220; background_color_gradient_overlays_image=&#8220;on&#8220; background_image=&#8220;https:\/\/www.hunzeloopwandeltocht.nl\/wp-content\/uploads\/2019\/09\/2019-09-21-08.34.43.jpg&#8220; custom_margin=&#8220;|||&#8220; custom_padding=&#8220;180px||0px|&#8220; bottom_divider_style=&#8220;arrow&#8220; bottom_divider_color=&#8220;#ffffff&#8220; bottom_divider_flip=&#8220;horizontal&#8220; animation_style=&#8220;slide&#8220; animation_direction=&#8220;top&#8220; animation_intensity_slide=&#8220;5%&#8220; animation_starting_opacity=&#8220;100%&#8220;][et_pb_row column_structure=&#8220;3_4,1_4&#8243; _builder_version=&#8220;3.25&#8243; background_size=&#8220;initial&#8220; background_position=&#8220;top_left&#8220; background_repeat=&#8220;repeat&#8220; custom_padding=&#8220;27px|0px|0px|0px&#8220;][et_pb_column type=&#8220;3_4&#8243; _builder_version=&#8220;3.25&#8243; custom_padding=&#8220;|||&#8220; custom_padding__hover=&#8220;|||&#8220;][et_pb_divider color=&#8220;rgba(255,255,255,0.7)&#8220; divider_weight=&#8220;3px&#8220; _builder_version=&#8220;3.2&#8243; max_width=&#8220;120px&#8220; animation_style=&#8220;zoom&#8220; animation_direction=&#8220;left&#8220;][\/et_pb_divider][\/et_pb_column][et_pb_column type=&#8220;1_4&#8243; _builder_version=&#8220;3.25&#8243; custom_padding=&#8220;|||&#8220; custom_padding__hover=&#8220;|||&#8220;][\/et_pb_column][\/et_pb_row][et_pb_row _builder_version=&#8220;3.25&#8243; custom_padding=&#8220;27px|0px|0px|0px&#8220;][et_pb_column type=&#8220;4_4&#8243; _builder_version=&#8220;3.25&#8243; custom_padding=&#8220;|||&#8220; custom_padding__hover=&#8220;|||&#8220;][\/et_pb_column][\/et_pb_row][\/et_pb_section][et_pb_section fb_built=&#8220;1&#8243; admin_label=&#8220;Register&#8220; _builder_version=&#8220;3.22&#8243; use_background_color_gradient=&#8220;on&#8220; background_color_gradient_start=&#8220;#ffffff&#8220; background_color_gradient_end=&#8220;rgba(255,255,255,0.86)&#8220; background_color_gradient_direction=&#8220;240deg&#8220; background_color_gradient_overlays_image=&#8220;on&#8220; background_image=&#8220;https:\/\/www.hunzeloopwandeltocht.nl\/wp-content\/uploads\/2019\/04\/20120915-IMG_5940-1024&#215;683.jpg&#8220; background_position=&#8220;top_center&#8220; custom_padding=&#8220;0||90px||false|false&#8220; animation_style=&#8220;slide&#8220; animation_direction=&#8220;bottom&#8220; animation_intensity_slide=&#8220;10%&#8220; animation_starting_opacity=&#8220;100%&#8220;][et_pb_row _builder_version=&#8220;3.25&#8243;][et_pb_column type=&#8220;4_4&#8243; _builder_version=&#8220;3.25&#8243; custom_padding=&#8220;|||&#8220; custom_padding__hover=&#8220;|||&#8220;][et_pb_text admin_label=&#8220;Title&#8220; _builder_version=&#8220;3.27.4&#8243; text_font=&#8220;||||||||&#8220; header_font=&#8220;||||||||&#8220; header_2_font=&#8220;Montserrat|500|||||||&#8220; header_2_text_align=&#8220;center&#8220; header_2_font_size=&#8220;30px&#8220; animation_style=&#8220;fade&#8220;]<\/p>\n<h2>TEILNEHMEN!  <\/h2>\n<p>[\/et_pb_text][et_pb_divider color=&#8220;#4866ff&#8220; divider_weight=&#8220;3px&#8220; _builder_version=&#8220;3.2&#8243; max_width=&#8220;80px&#8220; module_alignment=&#8220;center&#8220; animation_style=&#8220;fade&#8220;][\/et_pb_divider][et_pb_text _builder_version=&#8220;3.27.4&#8243; text_font=&#8220;Montserrat|300|||||||&#8220; text_font_size=&#8220;16px&#8220; text_line_height=&#8220;1.8em&#8220; header_font=&#8220;||||||||&#8220; text_orientation=&#8220;center&#8220; max_width=&#8220;700px&#8220; module_alignment=&#8220;center&#8220; custom_margin=&#8220;||70px|&#8220; animation_style=&#8220;fade&#8220;]<\/p>\n<p>Gehen Sie spazieren und genie\u00dfen Sie die sch\u00f6nen Naturgebiete und die Geselligkeit. Vielleicht sehen Sie unterwegs sogar einen Biber, einen L\u00f6ffelhund oder einen Seeadler.<\/p>\n<p>[\/et_pb_text][\/et_pb_column][\/et_pb_row][\/et_pb_section]<\/p>\n","protected":false},"excerpt":{"rendered":"<p>Der HunzeloopWarum der Hunzeloop? Ein Spaziergang durch den Wald oder im Moor macht nicht nur Spa\u00df, er ist auch gesund. Het Drentse Landschap macht dies m\u00f6glich, indem sie Fl\u00e4chen erwirbt und sch\u00fctzt, so dass es jetzt und in Zukunft m\u00f6glich bleibt, eine robuste, nat\u00fcrliche und gesunde Lebens-, Arbeits- und Erholungsumgebung zu genie\u00dfen, in der die [&hellip;]<\/p>\n","protected":false},"author":5,"featured_media":0,"parent":0,"menu_order":0,"comment_status":"closed","ping_status":"closed","template":"","meta":{"_et_pb_use_builder":"on","_et_pb_old_content":"","_et_gb_content_width":"","footnotes":""},"class_list":["post-10620","page","type-page","status-publish","hentry"],"_links":{"self":[{"href":"https:\/\/www.hunzeloopwandeltocht.nl\/de\/wp-json\/wp\/v2\/pages\/10620","targetHints":{"allow":["GET"]}}],"collection":[{"href":"https:\/\/www.hunzeloopwandeltocht.nl\/de\/wp-json\/wp\/v2\/pages"}],"about":[{"href":"https:\/\/www.hunzeloopwandeltocht.nl\/de\/wp-json\/wp\/v2\/types\/page"}],"author":[{"embeddable":true,"href":"https:\/\/www.hunzeloopwandeltocht.nl\/de\/wp-json\/wp\/v2\/users\/5"}],"replies":[{"embeddable":true,"href":"https:\/\/www.hunzeloopwandeltocht.nl\/de\/wp-json\/wp\/v2\/comments?post=10620"}],"version-history":[{"count":2,"href":"https:\/\/www.hunzeloopwandeltocht.nl\/de\/wp-json\/wp\/v2\/pages\/10620\/revisions"}],"predecessor-version":[{"id":10623,"href":"https:\/\/www.hunzeloopwandeltocht.nl\/de\/wp-json\/wp\/v2\/pages\/10620\/revisions\/10623"}],"wp:attachment":[{"href":"https:\/\/www.hunzeloopwandeltocht.nl\/de\/wp-json\/wp\/v2\/media?parent=10620"}],"curies":[{"name":"wp","href":"https:\/\/api.w.org\/{rel}","templated":true}]}}