{"id":10614,"date":"2019-04-08T18:55:39","date_gmt":"2019-04-08T18:55:39","guid":{"rendered":"https:\/\/www.hunzeloopwandeltocht.nl\/hunzeloop\/"},"modified":"2024-06-25T08:30:35","modified_gmt":"2024-06-25T08:30:35","slug":"hunzeloop","status":"publish","type":"page","link":"https:\/\/www.hunzeloopwandeltocht.nl\/de\/hunzeloop\/","title":{"rendered":"hunzeloop"},"content":{"rendered":"<p>[et_pb_section fb_built=&#8220;1&#8243; _builder_version=&#8220;3.19.11&#8243;][et_pb_row gutter_width=&#8220;4&#8243; _builder_version=&#8220;3.21.4&#8243; custom_padding=&#8220;27px|0px|27px|0|false|false&#8220; use_custom_width=&#8220;on&#8220; custom_width_px=&#8220;636px&#8220; use_custom_gutter=&#8220;on&#8220;][et_pb_column type=&#8220;4_4&#8243; _builder_version=&#8220;3.21.4&#8243;][et_pb_text _builder_version=&#8220;3.21.4&#8243;]<\/p>\n<h3><strong>Naturkultur und Gem\u00fctlichkeit an einem der sch\u00f6nsten Orte der Niederlande.<\/strong><\/h3>\n<p><strong><\/strong><\/p>\n<p>Neue Natur, markante Geb\u00e4ude und Geselligkeit &#8211; das sind Schl\u00fcsselw\u00f6rter, die auf das Hunzeloop passen. Das f\u00e4ngt schon beim Start an, also werden alle Teilnehmer des Hunzeloop mit einer Tasse Kaffee oder Tee und einem Drents kniepertje begr\u00fc\u00dft.<\/p>\n<p>&nbsp;<\/p>\n<p>  Der Hunzeloop wird seit 2010 organisiert. Zun\u00e4chst noch als gemeinsame Initiative von Het Drentse Landschap, der Groninger Landschap und De Friesland Zorgverzekeraar mit Hilfe der KNBLO-NL. Inzwischen ist Het Drentse Landschap der Organisator, aber zusammen mit vielen Partnern und Freiwilligen, denn ohne sie w\u00e4re es nicht m\u00f6glich, eine Veranstaltung wie diese zu organisieren.<\/p>\n<p>&nbsp;<\/p>\n<p>Der Hunzeloop ist eine j\u00e4hrliche, eint\u00e4gige, gro\u00dfe und einzigartige Wanderveranstaltung im Norden der Niederlande. Sie findet immer am 3. Samstag im September statt. Der Hunzeloop ist von hoher Qualit\u00e4t und hat eine eigene, einzigartige Formel. Natur, Kultur und Gem\u00fctlichkeit in einem der sch\u00f6nsten Orte der Niederlande. Das Einzigartige am Hunzeloop ist, dass neben einem Spaziergang in sch\u00f6ner Umgebung auch Geschichte, Kultur und Natur im Hunzedal Platz finden. Sowohl erfahrene als auch unerfahrene L\u00e4ufer k\u00f6nnen an einem Ereignis von Format teilnehmen, mit Aktivit\u00e4ten entlang der Strecke, die Jung und Alt gleicherma\u00dfen ansprechen.<\/p>\n<p>[\/et_pb_text][et_pb_image src=&#8220;https:\/\/www.hunzeloopwandeltocht.nl\/wp-content\/uploads\/2019\/04\/20120915-IMG_5941-1024&#215;683.jpg&#8220; _builder_version=&#8220;3.21.4&#8243; background_color=&#8220;#00c10c&#8220;][\/et_pb_image][\/et_pb_column][\/et_pb_row][\/et_pb_section]<\/p>\n","protected":false},"excerpt":{"rendered":"<p>Naturkultur und Gem\u00fctlichkeit an einem der sch\u00f6nsten Orte der Niederlande. Neue Natur, markante Geb\u00e4ude und Geselligkeit &#8211; das sind Schl\u00fcsselw\u00f6rter, die auf das Hunzeloop passen. Das f\u00e4ngt schon beim Start an, also werden alle Teilnehmer des Hunzeloop mit einer Tasse Kaffee oder Tee und einem Drents kniepertje begr\u00fc\u00dft. &nbsp; Der Hunzeloop wird seit 2010 organisiert. [&hellip;]<\/p>\n","protected":false},"author":5,"featured_media":0,"parent":0,"menu_order":0,"comment_status":"closed","ping_status":"closed","template":"","meta":{"_et_pb_use_builder":"on","_et_pb_old_content":"","_et_gb_content_width":"","footnotes":""},"class_list":["post-10614","page","type-page","status-publish","hentry"],"_links":{"self":[{"href":"https:\/\/www.hunzeloopwandeltocht.nl\/de\/wp-json\/wp\/v2\/pages\/10614","targetHints":{"allow":["GET"]}}],"collection":[{"href":"https:\/\/www.hunzeloopwandeltocht.nl\/de\/wp-json\/wp\/v2\/pages"}],"about":[{"href":"https:\/\/www.hunzeloopwandeltocht.nl\/de\/wp-json\/wp\/v2\/types\/page"}],"author":[{"embeddable":true,"href":"https:\/\/www.hunzeloopwandeltocht.nl\/de\/wp-json\/wp\/v2\/users\/5"}],"replies":[{"embeddable":true,"href":"https:\/\/www.hunzeloopwandeltocht.nl\/de\/wp-json\/wp\/v2\/comments?post=10614"}],"version-history":[{"count":2,"href":"https:\/\/www.hunzeloopwandeltocht.nl\/de\/wp-json\/wp\/v2\/pages\/10614\/revisions"}],"predecessor-version":[{"id":10616,"href":"https:\/\/www.hunzeloopwandeltocht.nl\/de\/wp-json\/wp\/v2\/pages\/10614\/revisions\/10616"}],"wp:attachment":[{"href":"https:\/\/www.hunzeloopwandeltocht.nl\/de\/wp-json\/wp\/v2\/media?parent=10614"}],"curies":[{"name":"wp","href":"https:\/\/api.w.org\/{rel}","templated":true}]}}